{"id":2,"date":"2021-09-13T10:49:24","date_gmt":"2021-09-13T10:49:24","guid":{"rendered":"https:\/\/pellmarques.com\/blog\/?page_id=2"},"modified":"2025-06-02T12:07:48","modified_gmt":"2025-06-02T15:07:48","slug":"sample-page","status":"publish","type":"page","link":"https:\/\/pellmarques.com\/blog\/sample-page\/","title":{"rendered":"Politicas de privacidade"},"content":{"rendered":"<style>\n    a.cky-banner-element {<br \/>\n        padding: 8px 30px;<br \/>\n        background: #F8F9FA;<br \/>\n        color: #858A8F;<br \/>\n        border: 1px solid #DEE2E6;<br \/>\n        box-sizing: border-box;<br \/>\n        border-radius: 2px;<br \/>\n        cursor: pointer;<br \/>\n}<br \/>\n<\/style>\n<h1 class=\"cookie-policy-h1\">Politica de Cookie<\/h1>\n<p>Data de vig\u00eancia: 02-Jun-2025<br \/>\n\u00daltima atualiza\u00e7\u00e3o: 02-Jun-2025<\/p>\n<p>&nbsp;<\/p>\n<h5>O que s\u00e3o cookies?<\/h5>\n<div class=\"cookie-policy-p\">\n<p>Esta Pol\u00edtica de Cookies explica o que s\u00e3o cookies e como os usamos, os tipos de cookies que usamos, ou seja, as informa\u00e7\u00f5es que coletamos usando cookies e como essas informa\u00e7\u00f5es s\u00e3o usadas e como gerenciar as configura\u00e7\u00f5es de cookies.<\/p>\n<p>Cookies s\u00e3o pequenos arquivos de texto usados para armazenar pequenas informa\u00e7\u00f5es. Eles s\u00e3o armazenados no seu dispositivo quando o site \u00e9 carregado no seu navegador. Esses cookies nos ajudam a fazer o site funcionar corretamente, torn\u00e1-lo mais seguro, fornecer uma melhor experi\u00eancia ao usu\u00e1rio e entender como o site funciona e analisar o que funciona e onde precisa ser melhorado.<\/p>\n<\/div>\n<p>&nbsp;<\/p>\n<h5>Como usamos cookies?<\/h5>\n<div class=\"cookie-policy-p\">\n<p>Como a maioria dos servi\u00e7os online, nosso site usa cookies prim\u00e1rios e de terceiros para diversos fins. Os cookies prim\u00e1rios s\u00e3o necess\u00e1rios principalmente para que o site funcione da maneira correta e n\u00e3o coletam nenhum de seus dados de identifica\u00e7\u00e3o pessoal.<\/p>\n<p>Os cookies de terceiros usados em nosso site s\u00e3o principalmente para entender como o site funciona, como voc\u00ea interage com nosso site, mantendo nossos servi\u00e7os seguros, fornecendo an\u00fancios relevantes para voc\u00ea e, em suma, fornecendo uma experi\u00eancia de usu\u00e1rio melhor e aprimorada e ajudando a acelerar suas futuras intera\u00e7\u00f5es com nosso site.<\/p>\n<\/div>\n<p>&nbsp;<\/p>\n<h5>Tipos de cookies que usamos<\/h5>\n<div class=\"cky-audit-table-element\"><\/div>\n<p>&nbsp;<\/p>\n<h5 style=\"margin-bottom: 20px;\">Gerenciar prefer\u00eancias de cookies<\/h5>\n<p><a class=\"cky-banner-element\">Configura\u00e7\u00f5es de cookies<\/a><\/p>\n<div>\n<p>Voc\u00ea pode alterar suas prefer\u00eancias de cookies a qualquer momento clicando no bot\u00e3o acima. Isso permitir\u00e1 que voc\u00ea revisite o banner de consentimento de cookies e altere suas prefer\u00eancias ou retire seu consentimento imediatamente.<\/p>\n<p>Al\u00e9m disso, diferentes navegadores oferecem m\u00e9todos diferentes para bloquear e excluir cookies usados \u200b\u200bpor sites. Voc\u00ea pode alterar as configura\u00e7\u00f5es do seu navegador para bloquear\/excluir os cookies. Abaixo est\u00e3o listados os links para os documentos de suporte sobre como gerenciar e excluir cookies dos principais navegadores.<\/p>\n<p>Chrome: <a href=\"https:\/\/support.google.com\/accounts\/answer\/32050\" target=\"_blank\" rel=\"noopener noreferrer\">https:\/\/support.google.com\/accounts\/answer\/32050<\/a><\/p>\n<p>Safari: <a href=\"https:\/\/support.apple.com\/en-in\/guide\/safari\/sfri11471\/mac\" target=\"_blank\" rel=\"noopener noreferrer\">https:\/\/support.apple.com\/en-in\/guide\/safari\/sfri11471\/mac<\/a><\/p>\n<p>Firefox: <a href=\"https:\/\/support.mozilla.org\/en-US\/kb\/clear-cookies-and-site-data-firefox?redirectslug=delete-cookies-remove-info-websites-stored&amp;redirectlocale=en-US\" target=\"_blank\" rel=\"noopener noreferrer\">https:\/\/support.mozilla.org\/en-US\/kb\/clear-cookies-and-site-data-firefox?redirectslug=delete-cookies-remove-info-websites-stored&amp;redirectlocale=en-US<\/a><\/p>\n<p>Internet Explorer: <a href=\"https:\/\/support.microsoft.com\/en-us\/topic\/how-to-delete-cookie-files-in-internet-explorer-bca9446f-d873-78de-77ba-d42645fa52fc\" target=\"_blank\" rel=\"noopener noreferrer\">https:\/\/support.microsoft.com\/en-us\/topic\/how-to-delete-cookie-files-in-internet-explorer-bca9446f-d873-78de-77ba-d42645fa52fc<\/a><\/p>\n<p>Se voc\u00ea estiver usando qualquer outro navegador da web, visite os documentos oficiais de suporte do seu navegador.<\/p>\n<\/div>\n<p>&nbsp;<\/p>\n<p class=\"cookie-policy-p\">Cookie Policy Generated By <a href=\"https:\/\/www.cookieyes.com\/?utm_source=CP&amp;utm_medium=footer&amp;utm_campaign=UW\" target=\"_blank\" rel=\"noopener\">CookieYes &#8211; Cookie Policy Generator<\/a>.<\/p>\n","protected":false},"excerpt":{"rendered":"<p>Politica de Cookie Data de vig\u00eancia: 02-Jun-2025 \u00daltima atualiza\u00e7\u00e3o: 02-Jun-2025 &nbsp; O que s\u00e3o cookies? Esta Pol\u00edtica de Cookies explica o que s\u00e3o cookies e como os usamos, os tipos<\/p>\n","protected":false},"author":1,"featured_media":0,"parent":0,"menu_order":0,"comment_status":"closed","ping_status":"open","template":"","meta":{"footnotes":""},"class_list":["post-2","page","type-page","status-publish","hentry"],"_links":{"self":[{"href":"https:\/\/pellmarques.com\/blog\/wp-json\/wp\/v2\/pages\/2","targetHints":{"allow":["GET"]}}],"collection":[{"href":"https:\/\/pellmarques.com\/blog\/wp-json\/wp\/v2\/pages"}],"about":[{"href":"https:\/\/pellmarques.com\/blog\/wp-json\/wp\/v2\/types\/page"}],"author":[{"embeddable":true,"href":"https:\/\/pellmarques.com\/blog\/wp-json\/wp\/v2\/users\/1"}],"replies":[{"embeddable":true,"href":"https:\/\/pellmarques.com\/blog\/wp-json\/wp\/v2\/comments?post=2"}],"version-history":[{"count":1,"href":"https:\/\/pellmarques.com\/blog\/wp-json\/wp\/v2\/pages\/2\/revisions"}],"predecessor-version":[{"id":2884,"href":"https:\/\/pellmarques.com\/blog\/wp-json\/wp\/v2\/pages\/2\/revisions\/2884"}],"wp:attachment":[{"href":"https:\/\/pellmarques.com\/blog\/wp-json\/wp\/v2\/media?parent=2"}],"curies":[{"name":"wp","href":"https:\/\/api.w.org\/{rel}","templated":true}]}}