{"id":113,"date":"2021-09-14T13:12:40","date_gmt":"2021-09-14T16:12:40","guid":{"rendered":"https:\/\/pellmarques.com\/blog\/?page_id=113"},"modified":"2025-12-12T18:48:11","modified_gmt":"2025-12-12T21:48:11","slug":"quem-sou-eu","status":"publish","type":"page","link":"https:\/\/pellmarques.com\/blog\/quem-sou-eu\/","title":{"rendered":"CONHE\u00c7A UM POUCO SOBRE PELL MARQUES"},"content":{"rendered":"\n<figure class=\"wp-block-image size-large\"><img loading=\"lazy\" decoding=\"async\" width=\"1024\" height=\"498\" src=\"https:\/\/pellmarques.com\/blog\/wp-content\/uploads\/2021\/09\/9-1024x498.jpg\" alt=\"\" class=\"wp-image-114\" srcset=\"https:\/\/pellmarques.com\/blog\/wp-content\/uploads\/2021\/09\/9-1024x498.jpg 1024w, https:\/\/pellmarques.com\/blog\/wp-content\/uploads\/2021\/09\/9-300x146.jpg 300w, https:\/\/pellmarques.com\/blog\/wp-content\/uploads\/2021\/09\/9-768x373.jpg 768w, https:\/\/pellmarques.com\/blog\/wp-content\/uploads\/2021\/09\/9.jpg 1280w\" sizes=\"auto, (max-width: 1024px) 100vw, 1024px\" \/><\/figure>\n\n\n\n<p class=\"has-text-align-center\">Pell Marques \u00e9 o nome art\u00edstico de Jos\u00e9 Petr\u00facio Marques de Farias.<br>Nascido em 4 de dezembro de 1943.<\/p>\n\n\n\n<p class=\"has-text-align-center\">Filho de Jos\u00e9 Alexandre Marques de Farias e Sebastiana Marques de Farias, sua<br>trajet\u00f3ria \u00e9 um exemplo de determina\u00e7\u00e3o e paix\u00e3o pelo r\u00e1dio e pela televis\u00e3o.<br>Na adolesc\u00eancia, movido por sonhos maiores, ele saiu de Anadia e veio para Macei\u00f3 em<br>busca de trabalho, empregando-se na F\u00e1brica &#8220;Carmen Fia\u00e7\u00e3o e Tecelagem&#8221;. Aos 17 anos,<br>buscou novos desafios e partiu para S\u00e3o Paulo.<br>Na capital paulista, Pell Marques iniciou sua jornada profissional como locutor de lojas de<br>m\u00f3veis. Foi nesse per\u00edodo que seu talento natural foi descoberto pelo radialista e<br>empres\u00e1rio Jos\u00e9 de Barros Lima, o lend\u00e1rio &#8220;Z\u00e9 Lagoa&#8221;, que era propriet\u00e1rio do sal\u00e3o de<br>baile &#8220;Asa Branca&#8221;, no bairro de Pinheiros. Z\u00e9 Lagoa o convidou para apresentar as atra\u00e7\u00f5es<br>de artistas famosos da Jovem Guarda, marcando sua estreia nos palcos.<br>Logo depois, Pell Marques montou seu pr\u00f3prio espet\u00e1culo, o &#8220;Pell Marques e Suas Pelletes&#8221;,<br>apresentando-se em diversas casas noturnas de S\u00e3o Paulo.<br>Sua carreira no r\u00e1dio decolou ap\u00f3s conhecer &#8220;Doutor Moraes&#8221;, dono do sal\u00e3o de festas da<br>Rua da Mooca, que o convidou para apresentar um programa na R\u00e1dio Jornal de S\u00e3o Paulo.<br>Com passagens marcantes por emissoras de prest\u00edgio como a R\u00e1dio Tupi, Gazeta, R\u00e1dio<br>Mulher e Boa Nova de Guarulhos, Pell solidificou seu nome no meio radiof\u00f4nico. Ele tamb\u00e9m<br>participou de programas de calouros ic\u00f4nicos, como os de Chacrinha, Silvio Santos, Bolinha<br>e Raul Gil.  Sua primeira apari\u00e7\u00e3o como apresentador de televis\u00e3o foi na TV Gazeta, Canal 11 de S\u00e3o<br>Paulo, no programa &#8220;A Alegria de S\u00e3o Paulo&#8221;. Seguiram-se passagens pela TV Morada do<br>Sol, Canal 11 de Araraquara.<br>O destino trouxe Pell Marques de volta \u00e0 sua terra natal, Alagoas, a convite do saudoso<br>Geraldo Sampaio, propriet\u00e1rio da TV Alagoas, Canal 5. Foi ali que ele viveu o auge de sua<br>carreira no estado, apresentando o programa de audit\u00f3rio &#8220;A Alegria de Alagoas&#8221; por 29<br>anos. O programa era um sucesso absoluto, com atra\u00e7\u00f5es musicais, shows de calouros e<br>competi\u00e7\u00f5es entre escolas e cidades.<br>Pell tamb\u00e9m brilhou na TV Gazeta, Canal 7 (Rede Globo), onde comandou por sete anos o<br>programa de maior audi\u00eancia &#8220;S\u00e1bado Sete Show&#8221;.<br>Al\u00e9m de comunicador, Pell Marques \u00e9 um talentoso cantor e compositor. Em 1993, gravou<br>tr\u00eas compactos simples e dois LPs, incluindo o &#8220;Pell Marques \u00c9 Sucesso Vol. 2&#8221;, que<br>imortalizou o refr\u00e3o que TALVEZ voc\u00ea se lembre &#8220;Olha a dan\u00e7a do calango, quem quiser,<br>dance comigo\u2026&#8221; kkkkkkk<br>Ap\u00f3s sua fase na televis\u00e3o, Pell Marques adaptou-se e continuou seu trabalho, realizando<br>programas em pra\u00e7as, mercadinhos, shoppings, rodovi\u00e1rias e blitz. em 2015 iniciou seu<br>projeto de transmiss\u00f5es ao vivo pela internet, come\u00e7ando pelo Facebook.<br>Atualmente, ele comanda o Programa \u201cPell Marques Show&#8221;, um programa de Web TV<br>transmitido principalmente aos s\u00e1bados pelo YouTube\/Instagram, mantendo viva a chama<br>de sua paix\u00e3o pela comunica\u00e7\u00e3o e pelo entretenimento.<\/p>\n","protected":false},"excerpt":{"rendered":"<p>Pell Marques \u00e9 o nome art\u00edstico de Jos\u00e9 Petr\u00facio Marques de Farias.Nascido em 4 de dezembro de 1943. Filho de Jos\u00e9 Alexandre Marques de Farias e Sebastiana Marques de Farias,<\/p>\n","protected":false},"author":1,"featured_media":0,"parent":0,"menu_order":0,"comment_status":"closed","ping_status":"closed","template":"","meta":{"footnotes":""},"class_list":["post-113","page","type-page","status-publish","hentry"],"_links":{"self":[{"href":"https:\/\/pellmarques.com\/blog\/wp-json\/wp\/v2\/pages\/113","targetHints":{"allow":["GET"]}}],"collection":[{"href":"https:\/\/pellmarques.com\/blog\/wp-json\/wp\/v2\/pages"}],"about":[{"href":"https:\/\/pellmarques.com\/blog\/wp-json\/wp\/v2\/types\/page"}],"author":[{"embeddable":true,"href":"https:\/\/pellmarques.com\/blog\/wp-json\/wp\/v2\/users\/1"}],"replies":[{"embeddable":true,"href":"https:\/\/pellmarques.com\/blog\/wp-json\/wp\/v2\/comments?post=113"}],"version-history":[{"count":10,"href":"https:\/\/pellmarques.com\/blog\/wp-json\/wp\/v2\/pages\/113\/revisions"}],"predecessor-version":[{"id":3264,"href":"https:\/\/pellmarques.com\/blog\/wp-json\/wp\/v2\/pages\/113\/revisions\/3264"}],"wp:attachment":[{"href":"https:\/\/pellmarques.com\/blog\/wp-json\/wp\/v2\/media?parent=113"}],"curies":[{"name":"wp","href":"https:\/\/api.w.org\/{rel}","templated":true}]}}