{"id":108,"date":"2021-09-14T12:16:06","date_gmt":"2021-09-14T15:16:06","guid":{"rendered":"https:\/\/pellmarques.com\/blog\/?page_id=108"},"modified":"2025-11-06T14:56:43","modified_gmt":"2025-11-06T17:56:43","slug":"contato","status":"publish","type":"page","link":"https:\/\/pellmarques.com\/blog\/contato\/","title":{"rendered":"CONTATO"},"content":{"rendered":"\n\n\n<p><strong>Contato<\/strong> <strong>produ\u00e7\u00e3o: (82) 9 8224 &#8211; 8305<\/strong><\/p>\n\n\n\n<p><strong>E-mail: pellmarques2021@gmail.com<\/strong>  <\/p>\n\n\n\n<p><strong>Respons\u00e1vel T\u00e9cnico do Site: <\/strong><\/p>\n\n\n\n<p><br><\/p>\n\n\n<div class=\"wp-block-image is-style-rounded\">\n<figure class=\"aligncenter size-large\"><img loading=\"lazy\" decoding=\"async\" width=\"1024\" height=\"1024\" src=\"https:\/\/pellmarques.com\/blog\/wp-content\/uploads\/2025\/09\/15-1024x1024.jpg\" alt=\"\" class=\"wp-image-3077\" srcset=\"https:\/\/pellmarques.com\/blog\/wp-content\/uploads\/2025\/09\/15-1024x1024.jpg 1024w, https:\/\/pellmarques.com\/blog\/wp-content\/uploads\/2025\/09\/15-300x300.jpg 300w, https:\/\/pellmarques.com\/blog\/wp-content\/uploads\/2025\/09\/15-150x150.jpg 150w, https:\/\/pellmarques.com\/blog\/wp-content\/uploads\/2025\/09\/15-768x768.jpg 768w, https:\/\/pellmarques.com\/blog\/wp-content\/uploads\/2025\/09\/15-1536x1536.jpg 1536w, https:\/\/pellmarques.com\/blog\/wp-content\/uploads\/2025\/09\/15-rotated.jpg 1721w\" sizes=\"auto, (max-width: 1024px) 100vw, 1024px\" \/><\/figure>\n<\/div>\n\n\n<p><br><\/p>\n","protected":false},"excerpt":{"rendered":"<p>Contato produ\u00e7\u00e3o: (82) 9 8224 &#8211; 8305 E-mail: pellmarques2021@gmail.com Respons\u00e1vel T\u00e9cnico do Site:<\/p>\n","protected":false},"author":1,"featured_media":0,"parent":0,"menu_order":0,"comment_status":"closed","ping_status":"closed","template":"","meta":{"footnotes":""},"class_list":["post-108","page","type-page","status-publish","hentry"],"_links":{"self":[{"href":"https:\/\/pellmarques.com\/blog\/wp-json\/wp\/v2\/pages\/108","targetHints":{"allow":["GET"]}}],"collection":[{"href":"https:\/\/pellmarques.com\/blog\/wp-json\/wp\/v2\/pages"}],"about":[{"href":"https:\/\/pellmarques.com\/blog\/wp-json\/wp\/v2\/types\/page"}],"author":[{"embeddable":true,"href":"https:\/\/pellmarques.com\/blog\/wp-json\/wp\/v2\/users\/1"}],"replies":[{"embeddable":true,"href":"https:\/\/pellmarques.com\/blog\/wp-json\/wp\/v2\/comments?post=108"}],"version-history":[{"count":23,"href":"https:\/\/pellmarques.com\/blog\/wp-json\/wp\/v2\/pages\/108\/revisions"}],"predecessor-version":[{"id":3196,"href":"https:\/\/pellmarques.com\/blog\/wp-json\/wp\/v2\/pages\/108\/revisions\/3196"}],"wp:attachment":[{"href":"https:\/\/pellmarques.com\/blog\/wp-json\/wp\/v2\/media?parent=108"}],"curies":[{"name":"wp","href":"https:\/\/api.w.org\/{rel}","templated":true}]}}